{"id":1474,"date":"2011-12-27T20:24:36","date_gmt":"2011-12-27T19:24:36","guid":{"rendered":"http:\/\/pergamena.hr\/proba\/?page_id=1474"},"modified":"2012-02-21T16:33:23","modified_gmt":"2012-02-21T15:33:23","slug":"studiozan-akribican-i-znanstveno-utemeljen-prinos-hrvatskoj-jezicnoj-kroatistici-prof-dr-stjepko-tezak-o-knjizi-piscev-izbor","status":"publish","type":"page","link":"https:\/\/pergamena.hr\/?page_id=1474","title":{"rendered":"Studiozan, akribi\u010dan i znanstveno utemeljen prinos hrvatskoj jezi\u010dnoj kroatistici &#8211; Prof. dr. Stjepko Te\u017eak o knjizi &#8220;Pi\u0161\u010dev izbor&#8221;"},"content":{"rendered":"<div style=\"float:right;padding: 0 0 10px 10px\" class=\"interactive_right\"><div class='button_holder_right'><iframe src=\"http:\/\/www.facebook.com\/plugins\/like.php?href=https%3A%2F%2Fpergamena.hr%2F%3Fpage_id%3D1474&amp;layout=standard&amp;show_faces=false&amp;width=75&amp;action=recommend&amp;font=arial&amp;colorscheme=dark&amp;height=31\" scrolling=\"no\" frameborder=\"0\" style=\"border:none; overflow:hidden; width:75px; height:31px;\" allowTransparency=\"true\"><\/iframe><\/div><\/div><blockquote>\n<p style=\"text-align: justify;\">Rasprave Marka Samard\u017eije studiozan su, akribi\u010dan i znanstveno utemeljen prinos hrvatskoj jezi\u010dnoj kroatistici, djelo koje pro\u0161iruje i produbljuje dosada\u0161nje znanstvene spoznaje o hrvatskoj lingvostilistici. Ono je i poticajno za nova istra\u017eivanja na ovom podru\u010dju, koja nisu nu\u017ena samo kao prinos hrvatskoj lingvisti\u010dkoj stilistici nego hrvatskom jeziku uop\u0107e, posebice njegovoj standardizaciji. Znanstveno prou\u010davanje jezika hrvatskih pisaca u petostoljetnom rasponu ima jo\u0161 podosta praznina \u010dije \u0107e popunjavanje olak\u0161ati razrje\u0161enje nekih nedoumica i sporova o nastanku i zna\u010daju suvremenoga hrvatskoga standardnoga jezika.<\/p>\n<\/blockquote>\n<p style=\"text-align: right;\"><strong>Prof. dr. Stjepko Te\u017eak<\/strong><\/p>\n<p style=\"text-align: right;\"><a href=\"http:\/\/pergamena.hr\/proba\/?p=303\"><em>Pro\u010ditajte vi\u0161e o knjizi<\/em><\/a><\/p>\n<div class='shareinpost'><ul class=\"socialwrap row\"><li class=\"iconOnly share\">Preporu\u010di putem :<\/li><li class=\"iconOnly\"><a  rel='nofollow'  target='_blank'  title='Preporu\u010di knjigu : Studiozan, akribi\u010dan i znanstveno utemeljen prinos hrvatskoj jezi\u010dnoj kroatistici &#8211; Prof. dr. Stjepko Te\u017eak o knjizi &#8220;Pi\u0161\u010dev izbor&#8221; na Facebooku'  href='http:\/\/www.facebook.com\/sharer.php?u=https%3A%2F%2Fpergamena.hr%2F%3Fpage_id%3D1474&amp;t=Studiozan%2C+akribi%C4%8Dan+i+znanstveno+utemeljen+prinos+hrvatskoj+jezi%C4%8Dnoj+kroatistici+%E2%80%93+Prof.+dr.+Stjepko+Te%C5%BEak+o+knjizi+%E2%80%9CPi%C5%A1%C4%8Dev+izbor%E2%80%9D'  ><img  src='http:\/\/pergamena.hr\/proba\/wp-content\/plugins\/share-and-follow\/images\/blank.gif'  height='16' width='16'  class='image-16' alt='facebook'  style='background: transparent url(http:\/\/pergamena.hr\/proba\/wp-content\/plugins\/share-and-follow\/default\/16\/sprite-feb-16.png) no-repeat;padding:0;margin:0;height:16px;width:16px;background-position:-204px 0px'   \/> <span class=\"head\">Preporu\u010di knjigu<\/span><\/a><\/li><li class=\"iconOnly\"><a  rel='nofollow'  target='_blank'  title='Dijeli : Studiozan, akribi\u010dan i znanstveno utemeljen prinos hrvatskoj jezi\u010dnoj kroatistici &#8211; Prof. dr. Stjepko Te\u017eak o knjizi &#8220;Pi\u0161\u010dev izbor&#8221; na google plus'  href='https:\/\/plusone.google.com\/_\/+1\/confirm?hl=en&amp;url=https%3A%2F%2Fpergamena.hr%2F%3Fpage_id%3D1474&amp;title=Studiozan%2C+akribi%C4%8Dan+i+znanstveno+utemeljen+prinos+hrvatskoj+jezi%C4%8Dnoj+kroatistici+%E2%80%93+Prof.+dr.+Stjepko+Te%C5%BEak+o+knjizi+%E2%80%9CPi%C5%A1%C4%8Dev+izbor%E2%80%9D'  ><img  src='http:\/\/pergamena.hr\/proba\/wp-content\/plugins\/share-and-follow\/images\/blank.gif'  height='16' width='16'  class='image-16' alt='gplus'  style='background: transparent url(http:\/\/pergamena.hr\/proba\/wp-content\/plugins\/share-and-follow\/default\/16\/sprite-feb-16.png) no-repeat;padding:0;margin:0;height:16px;width:16px;background-position:-425px 0px'   \/> <span class=\"head\">Dijeli na google plus<\/span><\/a><\/li><li class=\"iconOnly\"><a  rel='nofollow'  target='_blank'  title='Dijeli : Studiozan, akribi\u010dan i znanstveno utemeljen prinos hrvatskoj jezi\u010dnoj kroatistici &#8211; Prof. dr. Stjepko Te\u017eak o knjizi &#8220;Pi\u0161\u010dev izbor&#8221; na Linkedinu'  href='http:\/\/www.linkedin.com\/shareArticle?mini=true&amp;url=https%3A%2F%2Fpergamena.hr%2F%3Fpage_id%3D1474&amp;title=Studiozan%2C+akribi%C4%8Dan+i+znanstveno+utemeljen+prinos+hrvatskoj+jezi%C4%8Dnoj+kroatistici+%E2%80%93+Prof.+dr.+Stjepko+Te%C5%BEak+o+knjizi+%E2%80%9CPi%C5%A1%C4%8Dev+izbor%E2%80%9D&amp;summary=%0D%0ARasprave+Marka+Samard%C5%BEije+studiozan+su%2C+akribi%C4%8Dan+i+znanstveno+utemeljen+prinos+hrvatskoj+jezi%C4%8Dnoj+kroatistici%2C+djelo+koje+pro%C5%A1iruje+i+produbljuje+dosada%C5%A1nje+znanstvene+spoznaje+o+hrvatskoj+lingvostilistici.+Ono+je+i+poticajno+za+nova+istra%C5%BEivanja+na+ovom+podru%C4%8Dju%2C+koja+nisu+nu%C5%BEna+samo+kao+prinos+hrvatskoj+li'  ><img  src='http:\/\/pergamena.hr\/proba\/wp-content\/plugins\/share-and-follow\/images\/blank.gif'  height='16' width='16'  class='image-16' alt='linkedin'  style='background: transparent url(http:\/\/pergamena.hr\/proba\/wp-content\/plugins\/share-and-follow\/default\/16\/sprite-feb-16.png) no-repeat;padding:0;margin:0;height:16px;width:16px;background-position:-578px 0px'   \/> <span class=\"head\">Dijelite putem linkedina<\/span><\/a><\/li><li class=\"iconOnly\"><a  rel='nofollow'  target='_blank'  title='Tweetaj o ovoj knjizi : Studiozan, akribi\u010dan i znanstveno utemeljen prinos hrvatskoj jezi\u010dnoj kroatistici &#8211; Prof. dr. Stjepko Te\u017eak o knjizi &#8220;Pi\u0161\u010dev izbor&#8221; na Twitteru'  href=\"http:\/\/twitter.com\/share?url=https%3A%2F%2Fpergamena.hr%2F%3Fpage_id%3D1474&amp;text=Studiozan%2C+akribi%C4%8Dan+i+znanstveno+utemeljen+prinos+hrvatskoj+jezi%C4%8Dnoj+kroatistici+%E2%80%93+Prof.+dr.+Stjepko+Te%C5%BEak+o+knjizi+%E2%80%9CPi%C5%A1%C4%8Dev+izbor%E2%80%9D+-+\"  ><img  src='http:\/\/pergamena.hr\/proba\/wp-content\/plugins\/share-and-follow\/images\/blank.gif'  height='16' width='16'  class='image-16' alt='twitter'  style='background: transparent url(http:\/\/pergamena.hr\/proba\/wp-content\/plugins\/share-and-follow\/default\/16\/sprite-feb-16.png) no-repeat;padding:0;margin:0;height:16px;width:16px;background-position:-1105px 0px'   \/> <span class=\"head\">Tweetajte o ovoj knjizi<\/span><\/a><\/li><li class=\"iconOnly\"><a  rel='nofollow'  target='_self'  title='Ispi\u0161i stranicu : Studiozan, akribi\u010dan i znanstveno utemeljen prinos hrvatskoj jezi\u010dnoj kroatistici &#8211; Prof. dr. Stjepko Te\u017eak o knjizi &#8220;Pi\u0161\u010dev izbor&#8221; za kasnije \u010ditanje'  href='javascript:window.print();'  ><img  src='http:\/\/pergamena.hr\/proba\/wp-content\/plugins\/share-and-follow\/images\/blank.gif'  height='16' width='16'  class='image-16' alt='print'  style='background: transparent url(http:\/\/pergamena.hr\/proba\/wp-content\/plugins\/share-and-follow\/default\/16\/sprite-feb-16.png) no-repeat;padding:0;margin:0;height:16px;width:16px;background-position:-884px 0px'   \/> <span class=\"head\">Ispi\u0161ite stranicu<\/span><\/a><\/li><li class=\"iconOnly\"><a rel=\"_self\" href=\"mailto:?subject=pergamena.hr%20\u2502%20Izdava\u010dka%20ku\u0107a%20iz%20Zagreba%20:%20Studiozan,%20akribi\u010dan%20i%20znanstveno%20utemeljen%20prinos%20hrvatskoj%20jezi\u010dnoj%20kroatistici%20&#8211;%20Prof.%20dr.%20Stjepko%20Te\u017eak%20o%20knjizi%20&#8220;Pi\u0161\u010dev%20izbor&#8221;&amp;body=\u0160aljem%20Vam%20poveznicu%20preko%20internet%20stranice%20pergamena.hr%20na%20knjigu%20:%20%20%20https:\/\/pergamena.hr\/?page_id=1474\" title=\"Preporu\u010di knjigu prijateljima : Studiozan, akribi\u010dan i znanstveno utemeljen prinos hrvatskoj jezi\u010dnoj kroatistici &#8211; Prof. dr. Stjepko Te\u017eak o knjizi &#8220;Pi\u0161\u010dev izbor&#8221; e-mailom\"><img src=\"http:\/\/pergamena.hr\/proba\/wp-content\/plugins\/share-and-follow\/images\/blank.gif\" height=\"16\"  width=\"16\" style=\"background: transparent url(http:\/\/pergamena.hr\/proba\/wp-content\/plugins\/share-and-follow\/default\/16\/sprite-feb-16.png) no-repeat;padding:0;margin:0;height:16px;width:16px;background-position:-187px 0px\" class=\"image-16\"  alt=\"email\" \/> <span class=\"head\">Preporu\u010dite knjigu prijateljima<\/span><\/a><\/li><\/ul><div class=\"clean\"><\/div> <\/div>","protected":false},"excerpt":{"rendered":"<p>Rasprave Marka Samard\u017eije studiozan su, akribi\u010dan i znanstveno utemeljen prinos hrvatskoj jezi\u010dnoj kroatistici, djelo koje pro\u0161iruje i produbljuje dosada\u0161nje znanstvene spoznaje o hrvatskoj lingvostilistici. Ono je i poticajno za nova [&hellip;]<\/p>\n","protected":false},"author":1,"featured_media":0,"parent":0,"menu_order":0,"comment_status":"closed","ping_status":"closed","template":"","meta":[],"_links":{"self":[{"href":"https:\/\/pergamena.hr\/index.php?rest_route=\/wp\/v2\/pages\/1474"}],"collection":[{"href":"https:\/\/pergamena.hr\/index.php?rest_route=\/wp\/v2\/pages"}],"about":[{"href":"https:\/\/pergamena.hr\/index.php?rest_route=\/wp\/v2\/types\/page"}],"author":[{"embeddable":true,"href":"https:\/\/pergamena.hr\/index.php?rest_route=\/wp\/v2\/users\/1"}],"replies":[{"embeddable":true,"href":"https:\/\/pergamena.hr\/index.php?rest_route=%2Fwp%2Fv2%2Fcomments&post=1474"}],"version-history":[{"count":4,"href":"https:\/\/pergamena.hr\/index.php?rest_route=\/wp\/v2\/pages\/1474\/revisions"}],"predecessor-version":[{"id":1730,"href":"https:\/\/pergamena.hr\/index.php?rest_route=\/wp\/v2\/pages\/1474\/revisions\/1730"}],"wp:attachment":[{"href":"https:\/\/pergamena.hr\/index.php?rest_route=%2Fwp%2Fv2%2Fmedia&parent=1474"}],"curies":[{"name":"wp","href":"https:\/\/api.w.org\/{rel}","templated":true}]}}