{"id":1258,"date":"2011-10-06T04:12:01","date_gmt":"2011-10-06T02:12:01","guid":{"rendered":"http:\/\/pergamena.hr\/proba\/?page_id=1258"},"modified":"2012-02-21T16:33:48","modified_gmt":"2012-02-21T15:33:48","slug":"vrijedno-leksicko-blago-prof-dr-marko-samardzija-o-knjizi-divanimo-po-slavonski","status":"publish","type":"page","link":"https:\/\/pergamena.hr\/?page_id=1258","title":{"rendered":"Vrijedno leksi\u010dko blago &#8211; Prof. dr. Marko Samard\u017eija o knjizi &#8220;Divanimo po slavonski&#8221;"},"content":{"rendered":"<div style=\"float:right;padding: 0 0 10px 10px\" class=\"interactive_right\"><div class='button_holder_right'><iframe src=\"http:\/\/www.facebook.com\/plugins\/like.php?href=https%3A%2F%2Fpergamena.hr%2F%3Fpage_id%3D1258&amp;layout=standard&amp;show_faces=false&amp;width=75&amp;action=recommend&amp;font=arial&amp;colorscheme=dark&amp;height=31\" scrolling=\"no\" frameborder=\"0\" style=\"border:none; overflow:hidden; width:75px; height:31px;\" allowTransparency=\"true\"><\/iframe><\/div><\/div><blockquote>\n<p style=\"text-align: justify;\"><strong><\/strong>Kolikogod da hrvatska leksikografija obiluje opse\u017enim i vrijednim rije\u010dnicima ipak u njima nisu skupljene i obra\u0111ene sve hrvatske rije\u010di, navlastito one \u0161to se govore, ili su se govorile, samo na ponekom dijelu hrvatskog knji\u017eevnog prostora. Zato je zadnjih godina u\u010destalo izdavanje rje\u010dnika leksema karakteristi\u010dnih za koji od hrvatskih idioma. Jedan takav rije\u010dnik izradio je Martin Jak\u0161i\u0107 koji je svoje zanimanje pro\u0161irio na leksi\u010dke osebujnosti cijelog isto\u010dno-hrvatskog prostora izradiv\u0161i glosar isto\u010dnoslavonsko-baranjsko-srijemskih govora. U njemu je, dijelom iz pisanih izvora, skupljeno vrijedno hrvatsko leksi\u010dko blago nadopunjeno drugim korisnim leksi\u010dko-semanti\u010dkim, onomasti\u010dkim, frazeolo\u0161kim i paremiolo\u0161kim osebujnostima.<\/p>\n<\/blockquote>\n<p style=\"text-align: right;\"><strong>Prof. dr. Marko Samard\u017eija<\/strong><\/p>\n<p style=\"text-align: right;\"><a href=\"http:\/\/pergamena.hr\/proba\/?p=1131\"><em>Pro\u010ditajte vi\u0161e o knjizi<\/em><\/a><\/p>\n<div class='shareinpost'><ul class=\"socialwrap row\"><li class=\"iconOnly share\">Preporu\u010di putem :<\/li><li class=\"iconOnly\"><a  rel='nofollow'  target='_blank'  title='Preporu\u010di knjigu : Vrijedno leksi\u010dko blago &#8211; Prof. dr. Marko Samard\u017eija o knjizi &#8220;Divanimo po slavonski&#8221; na Facebooku'  href='http:\/\/www.facebook.com\/sharer.php?u=https%3A%2F%2Fpergamena.hr%2F%3Fpage_id%3D1258&amp;t=Vrijedno+leksi%C4%8Dko+blago+%E2%80%93+Prof.+dr.+Marko+Samard%C5%BEija+o+knjizi+%E2%80%9CDivanimo+po+slavonski%E2%80%9D'  ><img  src='http:\/\/pergamena.hr\/proba\/wp-content\/plugins\/share-and-follow\/images\/blank.gif'  height='16' width='16'  class='image-16' alt='facebook'  style='background: transparent url(http:\/\/pergamena.hr\/proba\/wp-content\/plugins\/share-and-follow\/default\/16\/sprite-feb-16.png) no-repeat;padding:0;margin:0;height:16px;width:16px;background-position:-204px 0px'   \/> <span class=\"head\">Preporu\u010di knjigu<\/span><\/a><\/li><li class=\"iconOnly\"><a  rel='nofollow'  target='_blank'  title='Dijeli : Vrijedno leksi\u010dko blago &#8211; Prof. dr. Marko Samard\u017eija o knjizi &#8220;Divanimo po slavonski&#8221; na google plus'  href='https:\/\/plusone.google.com\/_\/+1\/confirm?hl=en&amp;url=https%3A%2F%2Fpergamena.hr%2F%3Fpage_id%3D1258&amp;title=Vrijedno+leksi%C4%8Dko+blago+%E2%80%93+Prof.+dr.+Marko+Samard%C5%BEija+o+knjizi+%E2%80%9CDivanimo+po+slavonski%E2%80%9D'  ><img  src='http:\/\/pergamena.hr\/proba\/wp-content\/plugins\/share-and-follow\/images\/blank.gif'  height='16' width='16'  class='image-16' alt='gplus'  style='background: transparent url(http:\/\/pergamena.hr\/proba\/wp-content\/plugins\/share-and-follow\/default\/16\/sprite-feb-16.png) no-repeat;padding:0;margin:0;height:16px;width:16px;background-position:-425px 0px'   \/> <span class=\"head\">Dijeli na google plus<\/span><\/a><\/li><li class=\"iconOnly\"><a  rel='nofollow'  target='_blank'  title='Dijeli : Vrijedno leksi\u010dko blago &#8211; Prof. dr. Marko Samard\u017eija o knjizi &#8220;Divanimo po slavonski&#8221; na Linkedinu'  href='http:\/\/www.linkedin.com\/shareArticle?mini=true&amp;url=https%3A%2F%2Fpergamena.hr%2F%3Fpage_id%3D1258&amp;title=Vrijedno+leksi%C4%8Dko+blago+%E2%80%93+Prof.+dr.+Marko+Samard%C5%BEija+o+knjizi+%E2%80%9CDivanimo+po+slavonski%E2%80%9D&amp;summary=%0D%0AKolikogod+da+hrvatska+leksikografija+obiluje+opse%C5%BEnim+i+vrijednim+rije%C4%8Dnicima+ipak+u+njima+nisu+skupljene+i+obra%C4%91ene+sve+hrvatske+rije%C4%8Di%2C+navlastito+one+%C5%A1to+se+govore%2C+ili+su+se+govorile%2C+samo+na+ponekom+dijelu+hrvatskog+knji%C5%BEevnog+prostora.+Zato+je+zadnjih+godina+u%C4%8Destalo+izdavanje+rje%C4%8Dnika+leksema+karakteri'  ><img  src='http:\/\/pergamena.hr\/proba\/wp-content\/plugins\/share-and-follow\/images\/blank.gif'  height='16' width='16'  class='image-16' alt='linkedin'  style='background: transparent url(http:\/\/pergamena.hr\/proba\/wp-content\/plugins\/share-and-follow\/default\/16\/sprite-feb-16.png) no-repeat;padding:0;margin:0;height:16px;width:16px;background-position:-578px 0px'   \/> <span class=\"head\">Dijelite putem linkedina<\/span><\/a><\/li><li class=\"iconOnly\"><a  rel='nofollow'  target='_blank'  title='Tweetaj o ovoj knjizi : Vrijedno leksi\u010dko blago &#8211; Prof. dr. Marko Samard\u017eija o knjizi &#8220;Divanimo po slavonski&#8221; na Twitteru'  href=\"http:\/\/twitter.com\/share?url=https%3A%2F%2Fpergamena.hr%2F%3Fpage_id%3D1258&amp;text=Vrijedno+leksi%C4%8Dko+blago+%E2%80%93+Prof.+dr.+Marko+Samard%C5%BEija+o+knjizi+%E2%80%9CDivanimo+po+slavonski%E2%80%9D+-+\"  ><img  src='http:\/\/pergamena.hr\/proba\/wp-content\/plugins\/share-and-follow\/images\/blank.gif'  height='16' width='16'  class='image-16' alt='twitter'  style='background: transparent url(http:\/\/pergamena.hr\/proba\/wp-content\/plugins\/share-and-follow\/default\/16\/sprite-feb-16.png) no-repeat;padding:0;margin:0;height:16px;width:16px;background-position:-1105px 0px'   \/> <span class=\"head\">Tweetajte o ovoj knjizi<\/span><\/a><\/li><li class=\"iconOnly\"><a  rel='nofollow'  target='_self'  title='Ispi\u0161i stranicu : Vrijedno leksi\u010dko blago &#8211; Prof. dr. Marko Samard\u017eija o knjizi &#8220;Divanimo po slavonski&#8221; za kasnije \u010ditanje'  href='javascript:window.print();'  ><img  src='http:\/\/pergamena.hr\/proba\/wp-content\/plugins\/share-and-follow\/images\/blank.gif'  height='16' width='16'  class='image-16' alt='print'  style='background: transparent url(http:\/\/pergamena.hr\/proba\/wp-content\/plugins\/share-and-follow\/default\/16\/sprite-feb-16.png) no-repeat;padding:0;margin:0;height:16px;width:16px;background-position:-884px 0px'   \/> <span class=\"head\">Ispi\u0161ite stranicu<\/span><\/a><\/li><li class=\"iconOnly\"><a rel=\"_self\" href=\"mailto:?subject=pergamena.hr%20\u2502%20Izdava\u010dka%20ku\u0107a%20iz%20Zagreba%20:%20Vrijedno%20leksi\u010dko%20blago%20&#8211;%20Prof.%20dr.%20Marko%20Samard\u017eija%20o%20knjizi%20&#8220;Divanimo%20po%20slavonski&#8221;&amp;body=\u0160aljem%20Vam%20poveznicu%20preko%20internet%20stranice%20pergamena.hr%20na%20knjigu%20:%20%20%20https:\/\/pergamena.hr\/?page_id=1258\" title=\"Preporu\u010di knjigu prijateljima : Vrijedno leksi\u010dko blago &#8211; Prof. dr. Marko Samard\u017eija o knjizi &#8220;Divanimo po slavonski&#8221; e-mailom\"><img src=\"http:\/\/pergamena.hr\/proba\/wp-content\/plugins\/share-and-follow\/images\/blank.gif\" height=\"16\"  width=\"16\" style=\"background: transparent url(http:\/\/pergamena.hr\/proba\/wp-content\/plugins\/share-and-follow\/default\/16\/sprite-feb-16.png) no-repeat;padding:0;margin:0;height:16px;width:16px;background-position:-187px 0px\" class=\"image-16\"  alt=\"email\" \/> <span class=\"head\">Preporu\u010dite knjigu prijateljima<\/span><\/a><\/li><\/ul><div class=\"clean\"><\/div> <\/div>","protected":false},"excerpt":{"rendered":"<p>Kolikogod da hrvatska leksikografija obiluje opse\u017enim i vrijednim rije\u010dnicima ipak u njima nisu skupljene i obra\u0111ene sve hrvatske rije\u010di, navlastito one \u0161to se govore, ili su se govorile, samo na [&hellip;]<\/p>\n","protected":false},"author":1,"featured_media":0,"parent":0,"menu_order":0,"comment_status":"closed","ping_status":"open","template":"","meta":[],"_links":{"self":[{"href":"https:\/\/pergamena.hr\/index.php?rest_route=\/wp\/v2\/pages\/1258"}],"collection":[{"href":"https:\/\/pergamena.hr\/index.php?rest_route=\/wp\/v2\/pages"}],"about":[{"href":"https:\/\/pergamena.hr\/index.php?rest_route=\/wp\/v2\/types\/page"}],"author":[{"embeddable":true,"href":"https:\/\/pergamena.hr\/index.php?rest_route=\/wp\/v2\/users\/1"}],"replies":[{"embeddable":true,"href":"https:\/\/pergamena.hr\/index.php?rest_route=%2Fwp%2Fv2%2Fcomments&post=1258"}],"version-history":[{"count":5,"href":"https:\/\/pergamena.hr\/index.php?rest_route=\/wp\/v2\/pages\/1258\/revisions"}],"predecessor-version":[{"id":1262,"href":"https:\/\/pergamena.hr\/index.php?rest_route=\/wp\/v2\/pages\/1258\/revisions\/1262"}],"wp:attachment":[{"href":"https:\/\/pergamena.hr\/index.php?rest_route=%2Fwp%2Fv2%2Fmedia&parent=1258"}],"curies":[{"name":"wp","href":"https:\/\/api.w.org\/{rel}","templated":true}]}}