{"id":1138,"date":"2011-10-02T11:54:28","date_gmt":"2011-10-02T10:54:28","guid":{"rendered":"http:\/\/pergamena.hr\/proba\/?page_id=1138"},"modified":"2019-11-10T21:19:08","modified_gmt":"2019-11-10T20:19:08","slug":"narudzba","status":"publish","type":"page","link":"https:\/\/pergamena.hr\/?page_id=1138","title":{"rendered":"NARUD\u017dBA"},"content":{"rendered":"<div style=\"float:right;padding: 0 0 10px 10px\" class=\"interactive_right\"><div class='button_holder_right'><iframe src=\"http:\/\/www.facebook.com\/plugins\/like.php?href=https%3A%2F%2Fpergamena.hr%2F%3Fpage_id%3D1138&amp;layout=standard&amp;show_faces=false&amp;width=75&amp;action=recommend&amp;font=arial&amp;colorscheme=dark&amp;height=31\" scrolling=\"no\" frameborder=\"0\" style=\"border:none; overflow:hidden; width:75px; height:31px;\" allowTransparency=\"true\"><\/iframe><\/div><\/div><p><span style=\"font-size:small;\"><span class=\"Apple-style-span\" style=\"line-height:normal;\">Ovdje mo\u017eete skinuti obrazac za narud\u017ebu po\u0161tom ili faksom: <a title=\"narud\u017ebenica\" href=\"http:\/\/pergamena.hr\/proba\/wp-content\/uploads\/2012\/02\/narud\u017ebenica-n.pdf\" target=\"_blank\">NARUD\u017dBENICA (link)<\/a>. Nakon \u0161to ga isprintate i ispunite, po\u0161aljite ga na na\u0161u adresu ili fax:<\/span><\/span><\/p>\n<ul>\n<li><span style=\"font-size:small;\"><span class=\"Apple-style-span\" style=\"line-height:normal;\"><em><strong>Adresa:<\/strong><\/em><br \/>\nPergamena d.o.o.<br \/>\nRozganska 18.<br \/>\n10 000 Zagreb, Hrvatska<\/span><\/span><\/li>\n<li><span style=\"font-size:small;\"><span class=\"Apple-style-span\" style=\"line-height:normal;\"><em><strong>Fax:<\/strong><\/em><\/span><\/span><span style=\"font-size:small;\"><span class=\"Apple-style-span\" style=\"line-height:normal;\"><br \/>\n+ 385 1 3640 942. <\/span><\/span><\/li>\n<\/ul>\n<p><span style=\"font-size:small;\"><span class=\"Apple-style-span\" style=\"line-height:normal;\">Ako \u017eelite naru\u010diti e-mailom ne trebate koristiti isprintani obrazac, samo po\u0161aljite na na\u0161 e-mail: <a title=\"Narudzba\" href=\"mailto:pergamena@pergamena.hr\">pergamena@pergamena.hr<\/a> Va\u0161e ime, Va\u0161 OIB i opis narud\u017ebe.  Knjige \u0107emo Vam poslati pouze\u0107em.<\/span><\/span><\/p>\n<div class='shareinpost'><ul class=\"socialwrap row\"><li class=\"iconOnly share\">Preporu\u010di putem :<\/li><li class=\"iconOnly\"><a  rel='nofollow'  target='_blank'  title='Preporu\u010di knjigu : NARUD\u017dBA na Facebooku'  href='http:\/\/www.facebook.com\/sharer.php?u=https%3A%2F%2Fpergamena.hr%2F%3Fpage_id%3D1138&amp;t=NARUD%C5%BDBA'  ><img  src='http:\/\/pergamena.hr\/proba\/wp-content\/plugins\/share-and-follow\/images\/blank.gif'  height='16' width='16'  class='image-16' alt='facebook'  style='background: transparent url(http:\/\/pergamena.hr\/proba\/wp-content\/plugins\/share-and-follow\/default\/16\/sprite-feb-16.png) no-repeat;padding:0;margin:0;height:16px;width:16px;background-position:-204px 0px'   \/> <span class=\"head\">Preporu\u010di knjigu<\/span><\/a><\/li><li class=\"iconOnly\"><a  rel='nofollow'  target='_blank'  title='Dijeli : NARUD\u017dBA na google plus'  href='https:\/\/plusone.google.com\/_\/+1\/confirm?hl=en&amp;url=https%3A%2F%2Fpergamena.hr%2F%3Fpage_id%3D1138&amp;title=NARUD%C5%BDBA'  ><img  src='http:\/\/pergamena.hr\/proba\/wp-content\/plugins\/share-and-follow\/images\/blank.gif'  height='16' width='16'  class='image-16' alt='gplus'  style='background: transparent url(http:\/\/pergamena.hr\/proba\/wp-content\/plugins\/share-and-follow\/default\/16\/sprite-feb-16.png) no-repeat;padding:0;margin:0;height:16px;width:16px;background-position:-425px 0px'   \/> <span class=\"head\">Dijeli na google plus<\/span><\/a><\/li><li class=\"iconOnly\"><a  rel='nofollow'  target='_blank'  title='Dijeli : NARUD\u017dBA na Linkedinu'  href='http:\/\/www.linkedin.com\/shareArticle?mini=true&amp;url=https%3A%2F%2Fpergamena.hr%2F%3Fpage_id%3D1138&amp;title=NARUD%C5%BDBA&amp;summary=Ovdje+mo%C5%BEete+skinuti+obrazac+za+narud%C5%BEbu+po%C5%A1tom+ili+faksom%3A+NARUD%C5%BDBENICA+%28link%29.+Nakon+%C5%A1to+ga+isprintate+i+ispunite%2C+po%C5%A1aljite+ga+na+na%C5%A1u+adresu+ili+fax%3A%0A%0A%09Adresa%3A%0APergamena+d.o.o.%0ARozganska+18.%0A10+000+Zagreb%2C+Hrvatska%0A%09Fax%3A%0A%2B+385+1+3640+942.+%0A%0AAko+%C5%BEelite+naru%C4%8Diti+e-mailom+ne+trebate+koristiti+isprintani+obraz'  ><img  src='http:\/\/pergamena.hr\/proba\/wp-content\/plugins\/share-and-follow\/images\/blank.gif'  height='16' width='16'  class='image-16' alt='linkedin'  style='background: transparent url(http:\/\/pergamena.hr\/proba\/wp-content\/plugins\/share-and-follow\/default\/16\/sprite-feb-16.png) no-repeat;padding:0;margin:0;height:16px;width:16px;background-position:-578px 0px'   \/> <span class=\"head\">Dijelite putem linkedina<\/span><\/a><\/li><li class=\"iconOnly\"><a  rel='nofollow'  target='_blank'  title='Tweetaj o ovoj knjizi : NARUD\u017dBA na Twitteru'  href=\"http:\/\/twitter.com\/share?url=https%3A%2F%2Fpergamena.hr%2F%3Fpage_id%3D1138&amp;text=NARUD%C5%BDBA+-+\"  ><img  src='http:\/\/pergamena.hr\/proba\/wp-content\/plugins\/share-and-follow\/images\/blank.gif'  height='16' width='16'  class='image-16' alt='twitter'  style='background: transparent url(http:\/\/pergamena.hr\/proba\/wp-content\/plugins\/share-and-follow\/default\/16\/sprite-feb-16.png) no-repeat;padding:0;margin:0;height:16px;width:16px;background-position:-1105px 0px'   \/> <span class=\"head\">Tweetajte o ovoj knjizi<\/span><\/a><\/li><li class=\"iconOnly\"><a  rel='nofollow'  target='_self'  title='Ispi\u0161i stranicu : NARUD\u017dBA za kasnije \u010ditanje'  href='javascript:window.print();'  ><img  src='http:\/\/pergamena.hr\/proba\/wp-content\/plugins\/share-and-follow\/images\/blank.gif'  height='16' width='16'  class='image-16' alt='print'  style='background: transparent url(http:\/\/pergamena.hr\/proba\/wp-content\/plugins\/share-and-follow\/default\/16\/sprite-feb-16.png) no-repeat;padding:0;margin:0;height:16px;width:16px;background-position:-884px 0px'   \/> <span class=\"head\">Ispi\u0161ite stranicu<\/span><\/a><\/li><li class=\"iconOnly\"><a rel=\"_self\" href=\"mailto:?subject=pergamena.hr%20\u2502%20Izdava\u010dka%20ku\u0107a%20iz%20Zagreba%20:%20NARUD\u017dBA&amp;body=\u0160aljem%20Vam%20poveznicu%20preko%20internet%20stranice%20pergamena.hr%20na%20knjigu%20:%20%20%20https:\/\/pergamena.hr\/?page_id=1138\" title=\"Preporu\u010di knjigu prijateljima : NARUD\u017dBA e-mailom\"><img src=\"http:\/\/pergamena.hr\/proba\/wp-content\/plugins\/share-and-follow\/images\/blank.gif\" height=\"16\"  width=\"16\" style=\"background: transparent url(http:\/\/pergamena.hr\/proba\/wp-content\/plugins\/share-and-follow\/default\/16\/sprite-feb-16.png) no-repeat;padding:0;margin:0;height:16px;width:16px;background-position:-187px 0px\" class=\"image-16\"  alt=\"email\" \/> <span class=\"head\">Preporu\u010dite knjigu prijateljima<\/span><\/a><\/li><\/ul><div class=\"clean\"><\/div> <\/div>","protected":false},"excerpt":{"rendered":"<p>Ovdje mo\u017eete skinuti obrazac za narud\u017ebu po\u0161tom ili faksom: NARUD\u017dBENICA (link). Nakon \u0161to ga isprintate i ispunite, po\u0161aljite ga na na\u0161u adresu ili fax: Adresa: Pergamena d.o.o. Rozganska 18. 10 [&hellip;]<\/p>\n","protected":false},"author":1,"featured_media":0,"parent":0,"menu_order":0,"comment_status":"closed","ping_status":"open","template":"template-contact.php","meta":[],"_links":{"self":[{"href":"https:\/\/pergamena.hr\/index.php?rest_route=\/wp\/v2\/pages\/1138"}],"collection":[{"href":"https:\/\/pergamena.hr\/index.php?rest_route=\/wp\/v2\/pages"}],"about":[{"href":"https:\/\/pergamena.hr\/index.php?rest_route=\/wp\/v2\/types\/page"}],"author":[{"embeddable":true,"href":"https:\/\/pergamena.hr\/index.php?rest_route=\/wp\/v2\/users\/1"}],"replies":[{"embeddable":true,"href":"https:\/\/pergamena.hr\/index.php?rest_route=%2Fwp%2Fv2%2Fcomments&post=1138"}],"version-history":[{"count":20,"href":"https:\/\/pergamena.hr\/index.php?rest_route=\/wp\/v2\/pages\/1138\/revisions"}],"predecessor-version":[{"id":2440,"href":"https:\/\/pergamena.hr\/index.php?rest_route=\/wp\/v2\/pages\/1138\/revisions\/2440"}],"wp:attachment":[{"href":"https:\/\/pergamena.hr\/index.php?rest_route=%2Fwp%2Fv2%2Fmedia&parent=1138"}],"curies":[{"name":"wp","href":"https:\/\/api.w.org\/{rel}","templated":true}]}}