{"id":1033,"date":"2011-10-01T16:39:21","date_gmt":"2011-10-01T14:39:21","guid":{"rendered":"http:\/\/pergamena.hr\/proba\/?page_id=1033"},"modified":"2026-04-08T18:54:23","modified_gmt":"2026-04-08T17:54:23","slug":"cjenik-2","status":"publish","type":"page","link":"https:\/\/pergamena.hr\/?page_id=1033","title":{"rendered":"CJENIK"},"content":{"rendered":"<div style=\"float:right;padding: 0 0 10px 10px\" class=\"interactive_right\"><div class='button_holder_right'><iframe src=\"http:\/\/www.facebook.com\/plugins\/like.php?href=https%3A%2F%2Fpergamena.hr%2F%3Fpage_id%3D1033&amp;layout=standard&amp;show_faces=false&amp;width=75&amp;action=recommend&amp;font=arial&amp;colorscheme=dark&amp;height=31\" scrolling=\"no\" frameborder=\"0\" style=\"border:none; overflow:hidden; width:75px; height:31px;\" allowTransparency=\"true\"><\/iframe><\/div><\/div>\n<figure class=\"wp-block-table is-style-stripes\"><table><tbody><tr><td><\/td><td><a href=\"http:\/\/pergamena.hr\/?cat=6\" target=\"_blank\" rel=\"noreferrer noopener\">Biblioteka CROATICUM<\/a><\/td><td><\/td><td><\/td><\/tr><tr><td>1.<\/td><td><a href=\"http:\/\/pergamena.hr\/proba\/?p=276\" target=\"_blank\" rel=\"noreferrer noopener\">Josip Andri\u0107: BRANI\u010c JEZIKA HRVATSKOGA<\/a><\/td><td>60,00 kn<\/td><td>\u20ac8,00<\/td><\/tr><tr><td>2.<\/td><td><a href=\"http:\/\/pergamena.hr\/proba\/?p=282\" target=\"_blank\" rel=\"noreferrer noopener\">Vatroslav Ro\u017ei\u0107: BARBARIZMI U HRVATSKOM JEZIKU<\/a><\/td><td>60,00 kn<\/td><td>\u20ac8,00<\/td><\/tr><tr><td>3.<\/td><td><a href=\"http:\/\/pergamena.hr\/proba\/?p=290\" target=\"_blank\" rel=\"noreferrer noopener\">Ivan Broz: FILOLO\u0160KE SITNICE I PABIRCI<\/a><\/td><td>60,00 kn<\/td><td>\u20ac8,00<\/td><\/tr><tr><td>4.<\/td><td><a href=\"http:\/\/pergamena.hr\/proba\/?p=294\" target=\"_blank\" rel=\"noreferrer noopener\">Marko Lukenda: IVAN FRANJO JUKI\u0106<\/a><\/td><td>120,00 kn<\/td><td>\u20ac15,90<\/td><\/tr><tr><td>5.<\/td><td><a href=\"http:\/\/pergamena.hr\/proba\/?p=299\" target=\"_blank\" rel=\"noreferrer noopener\">M. Samard\u017eija, A. Selak: LEKSIKON HRVATSKOGA JEZIKA I KNJI\u017dEVNOSTI<\/a><\/td><td>720,00 kn<\/td><td>\u20ac95,60<\/td><\/tr><tr><td>6.<\/td><td><a href=\"http:\/\/pergamena.hr\/?p=1808\" target=\"_blank\" rel=\"noreferrer noopener\">Miro Ka\u010di\u0107: JEZIKOSLOVNA PROMI\u0160LJANJA<\/a><\/td><td>RASPRODANO<\/td><td><\/td><\/tr><tr><td>7.<\/td><td><a href=\"http:\/\/pergamena.hr\/proba\/?p=1131\" target=\"_blank\" rel=\"noreferrer noopener\">Martin Jak\u0161i\u0107: DIVANIMO PO SLAVONSKI<\/a><\/td><td>RASPRODANO<\/td><td><\/td><\/tr><tr><td>8.<\/td><td><a href=\"http:\/\/pergamena.hr\/proba\/?p=303\" target=\"_blank\" rel=\"noreferrer noopener\">Marko Samard\u017eija: PI\u0160\u010cEV IZBOR<\/a><\/td><td>100,00 kn<\/td><td>\u20ac13,30<\/td><\/tr><tr><td>9.<\/td><td><a rel=\"noreferrer noopener\" href=\"http:\/\/pergamena.hr\/proba\/?p=307\" target=\"_blank\">Ljudevit Jonke: O HRVATSKOME JEZIKU<\/a><\/td><td>130,00 kn<\/td><td>\u20ac17,30<\/td><\/tr><tr><td>10.<\/td><td><a href=\"http:\/\/pergamena.hr\/proba\/?p=310\" target=\"_blank\" rel=\"noreferrer noopener\">Marijan Stojkovi\u0107: HRVATSKE JEZI\u010cNE I PRAVOPISNE DVOJBE<\/a><\/td><td>150,00 kn<\/td><td>\u20ac19,90<\/td><\/tr><tr><td>11.<\/td><td><a href=\"http:\/\/pergamena.hr\/proba\/?p=315\" target=\"_blank\" rel=\"noreferrer noopener\">Stjepan Damjanovi\u0107: SLAVONSKE TEME<\/a><\/td><td>120,00 kn<\/td><td>\u20ac15,90<\/td><\/tr><tr><td>12.<\/td><td><a href=\"http:\/\/pergamena.hr\/?p=1834\" target=\"_blank\" rel=\"noreferrer noopener\">Marko Lukenda: IVAN FRANJO JUKI\u0106 (njem.)<\/a><\/td><td>120,00 kn<\/td><td>\u20ac15,90<\/td><\/tr><tr><td>13.<\/td><td><a href=\"http:\/\/pergamena.hr\/proba\/?p=319\" target=\"_blank\" rel=\"noreferrer noopener\">Josip Dujmu\u0161i\u0107: ANTIBARBARUS HRVATSKOGA JEZIKA<\/a><\/td><td>150,00 kn<\/td><td>\u20ac19,90<\/td><\/tr><tr><td>14.<\/td><td><a href=\"http:\/\/pergamena.hr\/proba\/?p=385\" target=\"_blank\" rel=\"noreferrer noopener\">Marija Znika: SINTAKSA I SEMANTIKA<\/a><\/td><td>150,00 kn<\/td><td>\u20ac19,90<\/td><\/tr><tr><td>15.<\/td><td>Ivan Franjo Juki\u0107 (zbornik)<\/td><td>120,00 kn<\/td><td>\u20ac15,90<\/td><\/tr><tr><td>16.<\/td><td><a href=\"http:\/\/pergamena.hr\/?p=1821\" target=\"_blank\" rel=\"noreferrer noopener\">Mar\u0107el Ku\u0161ar: Nauka o pravopisu hrvackoga ili srpskoga jezika<\/a><\/td><td>80,00 kn<\/td><td>\u20ac10,60<\/td><\/tr><tr><td>17.<\/td><td><a href=\"http:\/\/pergamena.hr\/proba\/?p=400\" target=\"_blank\" rel=\"noreferrer noopener\">\u0160ime Star\u010devi\u0107: Ri\u010doslovje<\/a><\/td><td>100,00 kn<\/td><td>\u20ac13,30<\/td><\/tr><tr><td>18.<\/td><td><a href=\"http:\/\/pergamena.hr\/proba\/?p=404\" target=\"_blank\" rel=\"noreferrer noopener\">Ivan Milkovi\u0107: Li\u010dka \u0161tokavska ikavica<\/a><\/td><td>500,00 kn<\/td><td>\u20ac66,40<\/td><\/tr><tr><td>19.<\/td><td><a href=\"http:\/\/pergamena.hr\/?p=2008\" target=\"_blank\" rel=\"noreferrer noopener\">Helena Dela\u0161: Prozodija \u0160ime Star\u010devi\u0107a<\/a><\/td><td>150,00 kn<\/td><td>\u20ac19,90<\/td><\/tr><tr><td>20.<\/td><td><a href=\"http:\/\/pergamena.hr\/?p=2067\" target=\"_blank\" rel=\"noreferrer noopener\">Helena Dela\u0161: Hrvatska preskriptivna akcentologija<\/a><\/td><td>100,00 kn<\/td><td>\u20ac13,30<\/td><\/tr><tr><td>21.<\/td><td><a href=\"http:\/\/pergamena.hr\/?p=2259\" target=\"_blank\" rel=\"noreferrer noopener\">Miro Ka\u010di\u0107: Teorija skupova i jezi\u010dna analiza<\/a><\/td><td>200,00 kn<\/td><td>\u20ac26,50<\/td><\/tr><tr><td><\/td><td><\/td><td><\/td><td><\/td><\/tr><tr><td><\/td><td><\/td><td><\/td><td><\/td><\/tr><tr><td><\/td><td><a href=\"http:\/\/pergamena.hr\/?cat=5\" target=\"_blank\" rel=\"noreferrer noopener\">Biblioteka BIOETIKA<\/a><\/td><td>CIJENA:<\/td><td><\/td><\/tr><tr><td>1.<\/td><td><a href=\"http:\/\/pergamena.hr\/proba\/?p=60\" target=\"_blank\" rel=\"noreferrer noopener\">Ivan \u0160egota: ETIKA SESTRINSTVA<\/a><\/td><td>150,00 kn<\/td><td>\u20ac19,90<\/td><\/tr><tr><td>2.<\/td><td><a href=\"http:\/\/pergamena.hr\/proba\/?p=218\" target=\"_blank\" rel=\"noreferrer noopener\">J.D.Bauby: SKAFANDER I LEPTIR<\/a><\/td><td>RASPRODANO<\/td><td><\/td><\/tr><tr><td>3.<\/td><td><a href=\"http:\/\/pergamena.hr\/proba\/?p=231\" target=\"_blank\" rel=\"noreferrer noopener\">Craig, Middleton, O&#8217;Connell: ETI\u010cKI KOMITETI<\/a><\/td><td>100,00 kn<\/td><td>\u20ac13,30<\/td><\/tr><tr><td>4.<\/td><td>Ante \u010covi\u0107: Izazovi Bioetike<\/td><td>120,00 kn<\/td><td>\u20ac15,90<\/td><\/tr><tr><td>5.<\/td><td><a href=\"http:\/\/pergamena.hr\/proba\/?p=235\" target=\"_blank\" rel=\"noreferrer noopener\">Ante \u010covi\u0107: ETIKA I BIOETIKA<\/a><\/td><td>100,00 kn<\/td><td>\u20ac13,30<\/td><\/tr><tr><td>6.<\/td><td><a href=\"http:\/\/pergamena.hr\/proba\/?p=240\" target=\"_blank\" rel=\"noreferrer noopener\">Nada Gosi\u0107: BIOETI\u010cKA EDUKACIJA<\/a><\/td><td>100,00 kn<\/td><td>\u20ac13,30<\/td><\/tr><tr><td>7.<\/td><td><a href=\"http:\/\/pergamena.hr\/proba\/?p=251\" target=\"_blank\" rel=\"noreferrer noopener\">Nada Gosi\u0107: BIOETIKA IN VIVO<\/a><\/td><td>120,00 kn<\/td><td>\u20ac15,90<\/td><\/tr><tr><td>8.<\/td><td><a href=\"http:\/\/pergamena.hr\/proba\/?p=245\" target=\"_blank\" rel=\"noreferrer noopener\">Ljiljana Zergollern-\u010cupak: BIOETIKA I BIOMEDICINA<\/a><\/td><td>120,00 kn<\/td><td>\u20ac15,90<\/td><\/tr><tr><td>9.<\/td><td><a href=\"http:\/\/pergamena.hr\/proba\/?p=255\" target=\"_blank\" rel=\"noreferrer noopener\">Aleksandra Frkovi\u0107: BIOETIKA U KLINI\u010cKOJ PRAKSI<\/a><\/td><td>120,00 kn<\/td><td>\u20ac15,90<\/td><\/tr><tr><td>10.<\/td><td><a href=\"http:\/\/pergamena.hr\/proba\/?p=168\" target=\"_blank\" rel=\"noreferrer noopener\">Iva Rin\u010di\u0107 Lerga: BIOETIKA I ODGOVORNOST U GENETICI<\/a><\/td><td>120,00 kn<\/td><td>\u20ac15,90<\/td><\/tr><tr><td>11.<\/td><td><a href=\"http:\/\/pergamena.hr\/proba\/?p=189\" target=\"_blank\" rel=\"noreferrer noopener\">Zvonko Bo\u0161kovi\u0107: MEDICINA I PRAVO<\/a><\/td><td>120,00 kn<\/td><td>\u20ac15,90<\/td><\/tr><tr><td>12.<\/td><td><a href=\"http:\/\/pergamena.hr\/proba\/?p=120\" target=\"_blank\" rel=\"noreferrer noopener\">Ivan Cifri\u0107: BIOETI\u010cKA EKUMENA<\/a><\/td><td>120,00 kn<\/td><td>\u20ac15,90<\/td><\/tr><tr><td>13.<\/td><td><a href=\"http:\/\/pergamena.hr\/proba\/?p=1119\" target=\"_blank\" rel=\"noreferrer noopener\">Lidija Gajski: LIJEKOVI ILI PRI\u010cA O OBMANI<\/a><\/td><td>RASPRODANO<\/td><td><\/td><\/tr><tr><td>14.<\/td><td><a href=\"http:\/\/pergamena.hr\/proba\/?p=197\" target=\"_blank\" rel=\"noreferrer noopener\">A. \u010covi\u0107, N. Gosi\u0107, L. Toma\u0161evi\u0107 (ur.): OD NOVE MEDICINSKE ETIKE DO INTEGRATIVNE BIOETIKE<\/a><\/td><td>200,00 kn<\/td><td>\u20ac26,50<\/td><\/tr><tr><td>15.<\/td><td><a href=\"http:\/\/pergamena.hr\/proba\/?p=185\" target=\"_blank\" rel=\"noreferrer noopener\">A. Frkovi\u0107: MEDICINA I BIOETIKA<\/a><\/td><td>150,00 kn<\/td><td>\u20ac19,90<\/td><\/tr><tr><td>16.<\/td><td><a href=\"http:\/\/pergamena.hr\/?p=2122\" target=\"_blank\" rel=\"noreferrer noopener\">H. Juri\u0107: ETIKA ODGOVORNOSTI HANSA JONASA<\/a><\/td><td>150,00 kn<\/td><td>\u20ac19,90<\/td><\/tr><tr><td>17.<\/td><td><a href=\"http:\/\/pergamena.hr\/proba\/?p=1456\" target=\"_blank\" rel=\"noreferrer noopener\">Valerije Vr\u010dek: GMO izme\u0111u prisile i otpora<\/a><\/td><td>100,00 kn<\/td><td>\u20ac13,30<\/td><\/tr><tr><td>18.<\/td><td><a href=\"http:\/\/pergamena.hr\/proba\/?p=144\" target=\"_blank\" rel=\"noreferrer noopener\">A. \u010covi\u0107, M. Radoni\u0107 (ur.): Bioetika i dijete<\/a><\/td><td>100,00 kn<\/td><td>\u20ac13,30<\/td><\/tr><tr><td>19.<\/td><td><a href=\"http:\/\/pergamena.hr\/proba\/?p=14\" target=\"_blank\" rel=\"noreferrer noopener\">N. Gosi\u0107: BIOETI\u010cKE PERSPEKTIVE<\/a><\/td><td>200,00 kn<\/td><td>\u20ac26,50<\/td><\/tr><tr><td>20.<\/td><td><a href=\"http:\/\/pergamena.hr\/proba\/?p=202\" target=\"_blank\" rel=\"noreferrer noopener\">S. Kalauz: SESTRINSKA PROFESIJA U SVJETLU BIOETI\u010cKOG PLURIPERSPEKTIVIZMA<\/a><\/td><td>200,00 kn<\/td><td>\u20ac26,50<\/td><\/tr><tr><td>21.<\/td><td><a href=\"http:\/\/pergamena.hr\/?p=1787\" target=\"_blank\" rel=\"noreferrer noopener\">Iva Rin\u010di\u0107: Europska bioetika: ideje i institucije<\/a><\/td><td>200,00 kn<\/td><td>\u20ac26,50<\/td><\/tr><tr><td>22.<\/td><td><a href=\"http:\/\/pergamena.hr\/?p=1775\" target=\"_blank\" rel=\"noreferrer noopener\">Tomislav Krznar: Znanje i destrukcija<\/a><\/td><td>300,00 kn<\/td><td>\u20ac39,80<\/td><\/tr><tr><td>23.<\/td><td><a href=\"http:\/\/pergamena.hr\/?p=1997\" target=\"_blank\" rel=\"noreferrer noopener\">Iva Rin\u010di\u0107, Amir Muzur: Fritz Jahr i ra\u0111anje europske bioetike<\/a><\/td><td>200,00 kn<\/td><td>\u20ac26,50<\/td><\/tr><tr><td>24.<\/td><td><a href=\"http:\/\/pergamena.hr\/?p=2088\" target=\"_blank\" rel=\"noreferrer noopener\">Marko Toki\u0107: \u017divot, zdravlje i lije\u010dni\u0161tvo u Platonovoj filozofiji<\/a><\/td><td>100,00 kn<\/td><td>\u20ac13,30<\/td><\/tr><tr><td>25.<\/td><td><a href=\"http:\/\/pergamena.hr\/?p=2105\" target=\"_blank\" rel=\"noreferrer noopener\">Tomislav Krznar (ur.): \u010covjek i priroda, Prilog odre\u0111ivanju odnosa<\/a><\/td><td>300,00 kn<\/td><td>\u20ac39,80<\/td><\/tr><tr><td>26.<\/td><td><a href=\"http:\/\/pergamena.hr\/?p=2158\" target=\"_blank\" rel=\"noreferrer noopener\">Darija Rup\u010di\u0107: Status ljudskog embrija pod vidom bioeti\u010dkog pluriperspektivizma<\/a><\/td><td>250,00 kn<\/td><td>\u20ac33,20<\/td><\/tr><tr><td>27.<\/td><td><a href=\"http:\/\/pergamena.hr\/?p=2166\" target=\"_blank\" rel=\"noreferrer noopener\">Luka Toma\u0161evi\u0107: Bioetika iz teolo\u0161ke perspektive<\/a><\/td><td>250,00 kn<\/td><td>\u20ac33,20<\/td><\/tr><tr><td>28.<\/td><td><a href=\"http:\/\/pergamena.hr\/?p=2173\" target=\"_blank\" rel=\"noreferrer noopener\">Vladimir Jelki\u0107: Bioeti\u010dki orijentiri za novu epohu<\/a><\/td><td>150,00 kn<\/td><td>\u20ac19,90<\/td><\/tr><tr><td>29.<\/td><td><a href=\"http:\/\/pergamena.hr\/?p=2200\" target=\"_blank\" rel=\"noreferrer noopener\">Ivica Kelam: Geneti\u010dki modificirani usjevi kao bioeti\u010dki problem<\/a><\/td><td>350,00 kn<\/td><td>\u20ac46,50<\/td><\/tr><tr><td>30.<\/td><td><a href=\"http:\/\/pergamena.hr\/?p=2210\" target=\"_blank\" rel=\"noreferrer noopener\">Nada Gosi\u0107: Lije\u010dnici &#8211; prete\u010de bioetike<\/a><\/td><td>100,00 kn<\/td><td>\u20ac13,30<\/td><\/tr><tr><td>31.<\/td><td><a href=\"http:\/\/pergamena.hr\/?p=2216\" target=\"_blank\" rel=\"noreferrer noopener\">Amir Muzur, Iva Rin\u010di\u0107: Van Rensselaer Potter i njegovo mjesto u povijesti bioetike<\/a><\/td><td>150,00 kn<\/td><td>\u20ac19,90<\/td><\/tr><tr><td>32.<\/td><td><a href=\"http:\/\/pergamena.hr\/?p=2230\" target=\"_blank\" rel=\"noreferrer noopener\">Mile Marin\u010di\u0107: Integrativna gospodarska etika P. Ulricha i novija eti\u010dka strujanja<\/a><\/td><td>100,00 kn<\/td><td>\u20ac13,30<\/td><\/tr><tr><td>33.<\/td><td><a href=\"http:\/\/pergamena.hr\/?p=2246\" target=\"_blank\" rel=\"noreferrer noopener\">Igor Eterovi\u0107: Kant i bioetika<\/a><\/td><td>300,00 kn<\/td><td>\u20ac39,80<\/td><\/tr><tr><td>34.<\/td><td><a href=\"http:\/\/pergamena.hr\/?p=2271\" target=\"_blank\" rel=\"noreferrer noopener\">Amir Muzur, Iva Rin\u010di\u0107: Bioeti\u010dka Europa na\u0161eg doba<\/a><\/td><td>150,00 kn<\/td><td>\u20ac19,90<\/td><\/tr><tr><td>35.<\/td><td><a href=\"http:\/\/pergamena.hr\/?p=2267\" target=\"_blank\" rel=\"noreferrer noopener\">Ivana Zagorac: Bioeti\u010dki senzibilitet<\/a><\/td><td>150,00 kn<\/td><td>\u20ac19,90<\/td><\/tr><tr><td>36.<\/td><td><a href=\"http:\/\/pergamena.hr\/?p=2282\" target=\"_blank\" rel=\"noreferrer noopener\">Ivana Greguric: Kiberneti\u010dka bi\u0107a u doba znanstvenog humanizma<\/a><\/td><td>350,00 kn<\/td><td>\u20ac46,50<\/td><\/tr><tr><td>37.<\/td><td>Hrvoje Juri\u0107: Tekst i kontekst bioetike<\/td><td><\/td><td><\/td><\/tr><tr><td>38.<\/td><td><a href=\"http:\/\/pergamena.hr\/?p=2294\" target=\"_blank\" rel=\"noreferrer noopener\">Slavko Amuli\u0107: Perspektivizam i pluralizam<\/a><\/td><td>150,00 kn<\/td><td>\u20ac19,90<\/td><\/tr><tr><td>39.<\/td><td><a href=\"http:\/\/pergamena.hr\/?p=2341\" target=\"_blank\" rel=\"noreferrer noopener\">Orhan Ja\u0161i\u0107: Bioeti\u010dki problemi u publikacijama Islamske zajednice u BIH od 1945. do 2012.<\/a><\/td><td>150,00 kn<\/td><td>\u20ac19,90<\/td><\/tr><tr><td>40.<\/td><td>Ana Jeli\u010di\u0107: Recepcija i preobrazba bioetike u Hrvatskoj<\/td><td><\/td><td><\/td><\/tr><tr><td>41.<\/td><td><a href=\"http:\/\/pergamena.hr\/?p=2444\" target=\"_blank\" rel=\"noreferrer noopener\">Integrativno mi\u0161ljenje i nova paradigma znanja<\/a><\/td><td>350,00 kn<\/td><td>\u20ac46,50<\/td><\/tr><tr><td>42.<\/td><td><a href=\"http:\/\/pergamena.hr\/?p=2518\" target=\"_blank\" rel=\"noreferrer noopener\">Gu\u0107, Juri\u0107 (ur.): Nikola Viskovi\u0107: pravo-politika-bioetika<\/a><\/td><td>250,00 kn<\/td><td>\u20ac33,20<\/td><\/tr><tr><td>43.<\/td><td><a href=\"http:\/\/pergamena.hr\/?p=2526\" target=\"_blank\" rel=\"noreferrer noopener\">Suzana Marjani\u0107: Cetera animantia \/ Od etnozoologije do zooetike<\/a><\/td><td>250,00 kn<\/td><td>\u20ac33,20<\/td><\/tr><tr><td>44.<\/td><td><a href=\"http:\/\/pergamena.hr\/?p=2534\" target=\"_blank\" rel=\"noreferrer noopener\">Tomislav Krznar: Bioeti\u010dki horizonti \/ Susreti\u0161ta bioetike i obrazovanja<\/a><\/td><td>100,00 kn<\/td><td>\u20ac13,30<\/td><\/tr><tr><td>45.<\/td><td><a rel=\"noreferrer noopener\" href=\"http:\/\/pergamena.hr\/?p=2538\" target=\"_blank\">Matija Mato \u0160kerbi\u0107: Filozofija sporta \/ Nastanak i razvoj jedne discipline<\/a><\/td><td>200,00 kn<\/td><td>\u20ac26,50<\/td><\/tr><tr><td>46.<\/td><td><a href=\"http:\/\/pergamena.hr\/?p=2541\" target=\"_blank\" rel=\"noreferrer noopener\">\u017deljko Kalu\u0111erovi\u0107: Bioeti\u010dki kaleidoskop<\/a><\/td><td>100,00 kn<\/td><td>\u20ac13,30<\/td><\/tr><tr><td>47.<\/td><td><a href=\"http:\/\/pergamena.hr\/?p=2544\" target=\"_blank\" rel=\"noreferrer noopener\">Luka Jane\u0161 (ur.): Integrativna bioetika i aporije psihe<\/a><\/td><td>300,00 kn<\/td><td>\u20ac39,80<\/td><\/tr><tr><td>48. <\/td><td><a href=\"https:\/\/pergamena.hr\/?p=2852\">Ivan Perkov: Dru\u0161tvo otpada<\/a><\/td><td>200,00 kn<\/td><td>\u20ac26,50<\/td><\/tr><tr><td>49.<\/td><td><a href=\"https:\/\/pergamena.hr\/?p=2869\">Toma\u017e Gru\u0161ovnik: Etika \u017eivotinja<\/a><\/td><td>188,36 kn<\/td><td>\u20ac25,00<\/td><\/tr><tr><td>50.<\/td><td><a href=\"https:\/\/pergamena.hr\/?p=2885\">Nikolina Iris Filipovi\u0107: Kompleksnost \u017eivota<\/a><\/td><td>301,38 kn<\/td><td>\u20ac40,00<\/td><\/tr><tr><td>51.<\/td><td><a href=\"https:\/\/pergamena.hr\/?p=2903\">Marina Katini\u0107 Plei\u0107: Integrativno Mi\u0161ljenje &#8211; Odgovor na trostruku krizu postmoderne<\/a><\/td><td>301,38 kn<\/td><td>\u20ac40,00<\/td><\/tr><tr><td>52.<\/td><td><a href=\"https:\/\/pergamena.hr\/?p=2918\">Josip Gu\u0107: Poticaji za bioeti\u010dko promi\u0161ljanje odnosa kulture i prirode u djelu Nikole Viskovi\u0107a<\/a><\/td><td>301,38 kn<\/td><td>\u20ac40,00<\/td><\/tr><tr><td>53.<\/td><td><a href=\"https:\/\/pergamena.hr\/?p=2911\">Luka Jane\u0161: Ekoetika Alda Leopolda u perspektivi integrativne bioetike<\/a><\/td><td>113,02 kn<\/td><td>\u20ac15,00<\/td><\/tr><tr><td>54.<\/td><td><a href=\"https:\/\/pergamena.hr\/?p=2933\" data-type=\"URL\" data-id=\"https:\/\/pergamena.hr\/?p=2933\">Marko Kos: Integrativna bioetika &#8211; iteracije suvremene bioetike<\/a><\/td><td>113,02 kn<\/td><td>\u20ac15,00<\/td><\/tr><tr><td>55.<\/td><td><a href=\"https:\/\/pergamena.hr\/?p=2939\" data-type=\"URL\" data-id=\"https:\/\/pergamena.hr\/?p=2939\">Matija Mato \u0160kerbi\u0107 i Ivana Zagorac: Bioetika sporta &#8211; Izazovi za budu\u0107nost sporta<\/a><\/td><td>113,02 kn<\/td><td>\u20ac15,00<\/td><\/tr><tr><td>56.<\/td><td>Luka Peru\u0161i\u0107: Tehnoznanost<\/td><td>263,71 kn<\/td><td>\u20ac35,00<\/td><\/tr><tr><td><\/td><td><\/td><td><\/td><td><\/td><\/tr><tr><td><\/td><td><\/td><td><\/td><td><\/td><\/tr><tr><td>  <\/td><td><\/td><td><\/td><td><\/td><\/tr><tr><td><\/td><td><\/td><td><\/td><td><\/td><\/tr><tr><td><br><br><br><br><br><br><\/td><td><a href=\"http:\/\/pergamena.hr\/?cat=7\" target=\"_blank\" rel=\"noreferrer noopener\">IZBOR RADOVA IZ HRVATSKE REVIJE<\/a><\/td><td>CIJENA:<\/td><td><\/td><\/tr><tr><td><\/td><td><\/td><td><\/td><td><\/td><\/tr><tr><td>1.<\/td><td><a href=\"http:\/\/pergamena.hr\/proba\/?p=410\" target=\"_blank\" rel=\"noreferrer noopener\">V. Nikoli\u0107: U SLU\u017dBI DOMOVINE (studije, ogledi, portreti)<\/a><\/td><td>150,00 kn<\/td><td>\u20ac19,90<\/td><\/tr><tr><td>2.<\/td><td><a href=\"http:\/\/pergamena.hr\/proba\/?p=414\" target=\"_blank\" rel=\"noreferrer noopener\">Grupa autora: HRVATSKA ZAUVIJEK (prilozi hrvatskoj dr\u017eavotvornoj misli)<\/a><\/td><td>130,00 kn<\/td><td>\u20ac17,30<\/td><\/tr><tr><td>3.<\/td><td><a href=\"http:\/\/pergamena.hr\/proba\/?p=425\" target=\"_blank\" rel=\"noreferrer noopener\">Grupa autora: SUDBINE I DJELA (o knji\u017eevnosti, umjetnosti i jezikoslovlju)<\/a><\/td><td>130,00 kn<\/td><td>\u20ac17,30<\/td><\/tr><tr><td>4.<\/td><td><a href=\"http:\/\/pergamena.hr\/proba\/?p=431\" target=\"_blank\" rel=\"noreferrer noopener\">Grupa autora: CVR\u010cAK U BORIKU (poezija i proza)<\/a><\/td><td>130,00 kn<\/td><td>\u20ac17,30<\/td><\/tr><tr><td>5.<\/td><td><a href=\"http:\/\/pergamena.hr\/proba\/?p=435\" target=\"_blank\" rel=\"noreferrer noopener\">M. Bla\u017eekovi\u0107: BIO \u2013 BIBLIOGRAFSKI LEKSIKON SURADNIKA HR<\/a><\/td><td>210,00 kn<\/td><td>\u20ac27,90<\/td><\/tr><tr><td>6.<\/td><td><a href=\"http:\/\/pergamena.hr\/proba\/?p=440\" target=\"_blank\" rel=\"noreferrer noopener\">HRVATSKI RAZGOVORI O SLOBODI<\/a><\/td><td>160,00 kn<\/td><td>\u20ac21,20<\/td><\/tr><\/tbody><\/table><\/figure>\n\n\n\n<p><\/p>\n\n\n\n<figure class=\"wp-block-table is-style-stripes\"><table><tbody><tr><td>Ovdje mo\u017eete skinuti obrazac za narud\u017ebu po\u0161tom ili faksom: <a href=\"http:\/\/pergamena.hr\/proba\/wp-content\/uploads\/2011\/10\/narud%C5%BEbenica.pdf\">NARUD\u017dBENICA (link).<\/a> Nakon \u0161to ga isprintate i ispunite, po\u0161aljite ga po\u0161tom na na\u0161u adresu ili fax.<br><br>Ako \u017eelite naru\u010diti e-mailom ne trebate koristiti obrazac, samo po\u0161aljite na na\u0161 e-mail: <a href=\"mailto:pergamena@pergamena.hr\">pergamena@pergamena.hr<\/a><br>Va\u0161e ime, Va\u0161 OIB i opis narud\u017ebe. Knjige \u0107emo Vam poslati pouze\u0107em.<\/td><\/tr><tr><td><\/td><\/tr><tr><td>Na\u0161a izdanja nudimo Vam za daljnju prodaju uz rabat.<br>Ukoliko imate bilo kakvih pitanja ili prijedlog za suradnju javite nam se putem e-maila: <a rel=\"noreferrer noopener\" href=\"mailto:pergamena@pergamena.hr\" target=\"_blank\">pergamena@pergamena.hr<\/a><\/td><\/tr><\/tbody><\/table><figcaption class=\"wp-element-caption\">Pergamena d.o.o. Zagreb<\/figcaption><\/figure>\n<div class='shareinpost'><ul class=\"socialwrap row\"><li class=\"iconOnly share\">Preporu\u010di putem :<\/li><li class=\"iconOnly\"><a  rel='nofollow'  target='_blank'  title='Preporu\u010di knjigu : CJENIK na Facebooku'  href='http:\/\/www.facebook.com\/sharer.php?u=https%3A%2F%2Fpergamena.hr%2F%3Fpage_id%3D1033&amp;t=CJENIK'  ><img  src='http:\/\/pergamena.hr\/proba\/wp-content\/plugins\/share-and-follow\/images\/blank.gif'  height='16' width='16'  class='image-16' alt='facebook'  style='background: transparent url(http:\/\/pergamena.hr\/proba\/wp-content\/plugins\/share-and-follow\/default\/16\/sprite-feb-16.png) no-repeat;padding:0;margin:0;height:16px;width:16px;background-position:-204px 0px'   \/> <span class=\"head\">Preporu\u010di knjigu<\/span><\/a><\/li><li class=\"iconOnly\"><a  rel='nofollow'  target='_blank'  title='Dijeli : CJENIK na google plus'  href='https:\/\/plusone.google.com\/_\/+1\/confirm?hl=en&amp;url=https%3A%2F%2Fpergamena.hr%2F%3Fpage_id%3D1033&amp;title=CJENIK'  ><img  src='http:\/\/pergamena.hr\/proba\/wp-content\/plugins\/share-and-follow\/images\/blank.gif'  height='16' width='16'  class='image-16' alt='gplus'  style='background: transparent url(http:\/\/pergamena.hr\/proba\/wp-content\/plugins\/share-and-follow\/default\/16\/sprite-feb-16.png) no-repeat;padding:0;margin:0;height:16px;width:16px;background-position:-425px 0px'   \/> <span class=\"head\">Dijeli na google plus<\/span><\/a><\/li><li class=\"iconOnly\"><a  rel='nofollow'  target='_blank'  title='Dijeli : CJENIK na Linkedinu'  href='http:\/\/www.linkedin.com\/shareArticle?mini=true&amp;url=https%3A%2F%2Fpergamena.hr%2F%3Fpage_id%3D1033&amp;title=CJENIK&amp;summary=%0ABiblioteka+CROATICUM1.Josip+Andri%C4%87%3A+BRANI%C4%8C+JEZIKA+HRVATSKOGA60%2C00+kn%E2%82%AC8%2C002.Vatroslav+Ro%C5%BEi%C4%87%3A+BARBARIZMI+U+HRVATSKOM+JEZIKU60%2C00+kn%E2%82%AC8%2C003.Ivan+Broz%3A+FILOLO%C5%A0KE+SITNICE+I+PABIRCI60%2C00+kn%E2%82%AC8%2C004.Marko+Lukenda%3A+IVAN+FRANJO+JUKI%C4%86120%2C00+kn%E2%82%AC15%2C905.M.+Samard%C5%BEija%2C+A.+Selak%3A+LEKSIKON+HRVATSKOGA+JEZIKA+I+KNJI%C5%BDEVNOST'  ><img  src='http:\/\/pergamena.hr\/proba\/wp-content\/plugins\/share-and-follow\/images\/blank.gif'  height='16' width='16'  class='image-16' alt='linkedin'  style='background: transparent url(http:\/\/pergamena.hr\/proba\/wp-content\/plugins\/share-and-follow\/default\/16\/sprite-feb-16.png) no-repeat;padding:0;margin:0;height:16px;width:16px;background-position:-578px 0px'   \/> <span class=\"head\">Dijelite putem linkedina<\/span><\/a><\/li><li class=\"iconOnly\"><a  rel='nofollow'  target='_blank'  title='Tweetaj o ovoj knjizi : CJENIK na Twitteru'  href=\"http:\/\/twitter.com\/share?url=https%3A%2F%2Fpergamena.hr%2F%3Fpage_id%3D1033&amp;text=CJENIK+-+\"  ><img  src='http:\/\/pergamena.hr\/proba\/wp-content\/plugins\/share-and-follow\/images\/blank.gif'  height='16' width='16'  class='image-16' alt='twitter'  style='background: transparent url(http:\/\/pergamena.hr\/proba\/wp-content\/plugins\/share-and-follow\/default\/16\/sprite-feb-16.png) no-repeat;padding:0;margin:0;height:16px;width:16px;background-position:-1105px 0px'   \/> <span class=\"head\">Tweetajte o ovoj knjizi<\/span><\/a><\/li><li class=\"iconOnly\"><a  rel='nofollow'  target='_self'  title='Ispi\u0161i stranicu : CJENIK za kasnije \u010ditanje'  href='javascript:window.print();'  ><img  src='http:\/\/pergamena.hr\/proba\/wp-content\/plugins\/share-and-follow\/images\/blank.gif'  height='16' width='16'  class='image-16' alt='print'  style='background: transparent url(http:\/\/pergamena.hr\/proba\/wp-content\/plugins\/share-and-follow\/default\/16\/sprite-feb-16.png) no-repeat;padding:0;margin:0;height:16px;width:16px;background-position:-884px 0px'   \/> <span class=\"head\">Ispi\u0161ite stranicu<\/span><\/a><\/li><li class=\"iconOnly\"><a rel=\"_self\" href=\"mailto:?subject=pergamena.hr%20\u2502%20Izdava\u010dka%20ku\u0107a%20iz%20Zagreba%20:%20CJENIK&amp;body=\u0160aljem%20Vam%20poveznicu%20preko%20internet%20stranice%20pergamena.hr%20na%20knjigu%20:%20%20%20https:\/\/pergamena.hr\/?page_id=1033\" title=\"Preporu\u010di knjigu prijateljima : CJENIK e-mailom\"><img src=\"http:\/\/pergamena.hr\/proba\/wp-content\/plugins\/share-and-follow\/images\/blank.gif\" height=\"16\"  width=\"16\" style=\"background: transparent url(http:\/\/pergamena.hr\/proba\/wp-content\/plugins\/share-and-follow\/default\/16\/sprite-feb-16.png) no-repeat;padding:0;margin:0;height:16px;width:16px;background-position:-187px 0px\" class=\"image-16\"  alt=\"email\" \/> <span class=\"head\">Preporu\u010dite knjigu prijateljima<\/span><\/a><\/li><\/ul><div class=\"clean\"><\/div> <\/div>","protected":false},"excerpt":{"rendered":"<p>Biblioteka CROATICUM 1. Josip Andri\u0107: BRANI\u010c JEZIKA HRVATSKOGA 60,00 kn \u20ac8,00 2. Vatroslav Ro\u017ei\u0107: BARBARIZMI U HRVATSKOM JEZIKU 60,00 kn \u20ac8,00 3. Ivan Broz: FILOLO\u0160KE SITNICE I PABIRCI 60,00 kn [&hellip;]<\/p>\n","protected":false},"author":1,"featured_media":0,"parent":0,"menu_order":0,"comment_status":"closed","ping_status":"open","template":"","meta":[],"_links":{"self":[{"href":"https:\/\/pergamena.hr\/index.php?rest_route=\/wp\/v2\/pages\/1033"}],"collection":[{"href":"https:\/\/pergamena.hr\/index.php?rest_route=\/wp\/v2\/pages"}],"about":[{"href":"https:\/\/pergamena.hr\/index.php?rest_route=\/wp\/v2\/types\/page"}],"author":[{"embeddable":true,"href":"https:\/\/pergamena.hr\/index.php?rest_route=\/wp\/v2\/users\/1"}],"replies":[{"embeddable":true,"href":"https:\/\/pergamena.hr\/index.php?rest_route=%2Fwp%2Fv2%2Fcomments&post=1033"}],"version-history":[{"count":156,"href":"https:\/\/pergamena.hr\/index.php?rest_route=\/wp\/v2\/pages\/1033\/revisions"}],"predecessor-version":[{"id":2979,"href":"https:\/\/pergamena.hr\/index.php?rest_route=\/wp\/v2\/pages\/1033\/revisions\/2979"}],"wp:attachment":[{"href":"https:\/\/pergamena.hr\/index.php?rest_route=%2Fwp%2Fv2%2Fmedia&parent=1033"}],"curies":[{"name":"wp","href":"https:\/\/api.w.org\/{rel}","templated":true}]}}